{"id":2552,"date":"2024-10-17T10:01:49","date_gmt":"2024-10-17T08:01:49","guid":{"rendered":"https:\/\/www.take-my-hand.org\/impressum\/"},"modified":"2025-02-21T16:41:36","modified_gmt":"2025-02-21T15:41:36","slug":"impressum","status":"publish","type":"page","link":"https:\/\/www.take-my-hand.org\/ru\/impressum\/","title":{"rendered":"\u041f\u0440\u0430\u0432\u043e\u0432\u0430\u044f \u0438\u043d\u0444\u043e\u0440\u043c\u0430\u0446\u0438\u044f (Impressum)"},"content":{"rendered":"<div class=\"fusion-fullwidth fullwidth-box fusion-builder-row-1 fusion-flex-container has-pattern-background has-mask-background nonhundred-percent-fullwidth non-hundred-percent-height-scrolling\" style=\"--awb-border-radius-top-left:0px;--awb-border-radius-top-right:0px;--awb-border-radius-bottom-right:0px;--awb-border-radius-bottom-left:0px;--awb-flex-wrap:wrap;\" ><div class=\"fusion-builder-row fusion-row fusion-flex-align-items-flex-start fusion-flex-content-wrap\" style=\"max-width:1476.8px;margin-left: calc(-4% \/ 2 );margin-right: calc(-4% \/ 2 );\"><div class=\"fusion-layout-column fusion_builder_column fusion-builder-column-0 fusion_builder_column_1_1 1_1 fusion-flex-column\" style=\"--awb-bg-size:cover;--awb-width-large:100%;--awb-margin-top-large:0px;--awb-spacing-right-large:1.92%;--awb-margin-bottom-large:20px;--awb-spacing-left-large:1.92%;--awb-width-medium:100%;--awb-order-medium:0;--awb-spacing-right-medium:1.92%;--awb-spacing-left-medium:1.92%;--awb-width-small:100%;--awb-order-small:0;--awb-spacing-right-small:1.92%;--awb-spacing-left-small:1.92%;\"><div class=\"fusion-column-wrapper fusion-column-has-shadow fusion-flex-justify-content-flex-start fusion-content-layout-column\"><div class=\"fusion-title title fusion-title-1 fusion-sep-none fusion-title-text fusion-title-size-one\" style=\"--awb-margin-top-small:10px;--awb-margin-right-small:0px;--awb-margin-bottom-small:10px;--awb-margin-left-small:0px;\"><h1 class=\"fusion-title-heading title-heading-left fusion-responsive-typography-calculated\" style=\"margin:0;--fontSize:44;line-height:1.3;\">\u041f\u0440\u0430\u0432\u043e\u0432\u0430\u044f \u0438\u043d\u0444\u043e\u0440\u043c\u0430\u0446\u0438\u044f (Impressum)<\/h1><\/div><\/div><\/div><div class=\"fusion-layout-column fusion_builder_column fusion-builder-column-1 fusion_builder_column_1_1 1_1 fusion-flex-column\" style=\"--awb-bg-size:cover;--awb-width-large:100%;--awb-margin-top-large:0px;--awb-spacing-right-large:1.92%;--awb-margin-bottom-large:20px;--awb-spacing-left-large:1.92%;--awb-width-medium:100%;--awb-order-medium:0;--awb-spacing-right-medium:1.92%;--awb-spacing-left-medium:1.92%;--awb-width-small:100%;--awb-order-small:0;--awb-spacing-right-small:1.92%;--awb-spacing-left-small:1.92%;\"><div class=\"fusion-column-wrapper fusion-column-has-shadow fusion-flex-justify-content-flex-start fusion-content-layout-column\"><div class=\"fusion-title title fusion-title-2 fusion-sep-none fusion-title-text fusion-title-size-two\" style=\"--awb-margin-top-small:10px;--awb-margin-right-small:0px;--awb-margin-bottom-small:10px;--awb-margin-left-small:0px;\"><h2 class=\"fusion-title-heading title-heading-left fusion-responsive-typography-calculated\" style=\"margin:0;--fontSize:34;line-height:var(--awb-typography2-line-height);\">\u041e\u0442\u0432\u0435\u0442\u0441\u0442\u0432\u0435\u043d\u043d\u0430\u044f \u043e\u0440\u0433\u0430\u043d\u0438\u0437\u0430\u0446\u0438\u044f:<\/h2><\/div><div class=\"fusion-text fusion-text-1\"><p><strong>\u0411\u043b\u0430\u0433\u043e\u0442\u0432\u043e\u0440\u0438\u0442\u0435\u043b\u044c\u043d\u044b\u0439 \u0444\u043e\u043d\u0434 &#171;Take my hand&#187;<\/strong><br \/>\n\u041d\u0435\u043a\u043e\u043c\u043c\u0435\u0440\u0447\u0435\u0441\u043a\u0430\u044f \u043e\u0440\u0433\u0430\u043d\u0438\u0437\u0430\u0446\u0438\u044f \u0441 \u0443\u0441\u0442\u0430\u0432\u043d\u043e\u0439 \u0446\u0435\u043b\u044c\u044e<br \/>\n&#171;\u041f\u043e\u043c\u043e\u0449\u044c \u0434\u0435\u0442\u044f\u043c \u0438 \u043c\u043e\u043b\u043e\u0434\u0435\u0436\u0438&#187;<br \/>\n\u041c\u0435\u0441\u0442\u043e\u043d\u0430\u0445\u043e\u0436\u0434\u0435\u043d\u0438\u0435: \u041c\u044e\u043d\u0445\u0435\u043d<\/p>\n<p>\u0420\u0435\u0433\u0438\u0441\u0442\u0440\u0430\u0446\u0438\u044f \u0432 \u041e\u043a\u0440\u0443\u0436\u043d\u043e\u043c \u0441\u0443\u0434\u0435 \u0433.\u041c\u044e\u043d\u0445\u0435\u043d<br \/>\n\u0420\u0435\u0433\u0438\u0441\u0442\u0440\u0430\u0446\u0438\u043e\u043d\u043d\u044b\u0439 \u043d\u043e\u043c\u0435\u0440: VR 208758<\/p>\n<p>\u041f\u0440\u0435\u0434\u0441\u0435\u0434\u0430\u0442\u0435\u043b\u0438 \u0441\u043e\u0433\u043b\u0430\u0441\u043d\u043e \u00a726 \u0413\u0440\u0430\u0436\u0434\u0430\u043d\u0441\u043a\u043e\u0433\u043e \u041a\u043e\u0434\u0435\u043a\u0441\u0430 \u0413\u0435\u0440\u043c\u0430\u043d\u0438\u0438 (\u0441 \u043f\u0440\u0430\u0432\u043e\u043c \u0435\u0434\u0438\u043d\u043e\u043b\u0438\u0447\u043d\u043e\u0433\u043e \u043f\u0440\u0435\u0434\u0441\u0442\u0430\u0432\u0438\u0442\u0435\u043b\u044c\u0441\u0442\u0432\u0430):<br \/>\n\u041f\u0435\u0440\u0432\u044b\u0439 \u043f\u0440\u0435\u0434\u0441\u0435\u0434\u0430\u0442\u0435\u043b\u044c: \u042e\u043b\u0438\u044f \u0411\u0435\u0439\u0441\u0435\u043d\u043e\u0432\u0430<br \/>\n\u0412\u0442\u043e\u0440\u043e\u0439 \u043f\u0440\u0435\u0434\u0441\u0435\u0434\u0430\u0442\u0435\u043b\u044c: \u0410\u043b\u0438 \u0411\u0435\u0439\u0441\u0435\u043d\u043e\u0432<\/p>\n<\/div><div class=\"fusion-separator fusion-full-width-sep\" style=\"align-self: center;margin-left: auto;margin-right: auto;margin-bottom:30px;width:100%;\"><\/div><div class=\"fusion-text fusion-text-2\"><h2>\u041f\u043e\u0447\u0442\u043e\u0432\u044b\u0439 \u0430\u0434\u0440\u0435\u0441:<\/h2>\n<p>\u0411\u043b\u0430\u0433\u043e\u0442\u0432\u043e\u0440\u0438\u0442\u0435\u043b\u044c\u043d\u044b\u0439 \u0444\u043e\u043d\u0434 &#171;Take my hand&#187;<br \/>\nKronstadter Str. 4<br \/>\n81677 M\u00fcnchen<br \/>\n\u0413\u0435\u0440\u043c\u0430\u043d\u0438\u044f<\/p>\n<\/div><div class=\"fusion-separator fusion-full-width-sep\" style=\"align-self: center;margin-left: auto;margin-right: auto;margin-bottom:30px;width:100%;\"><\/div><div class=\"fusion-text fusion-text-3\"><h2>\u041a\u043e\u043d\u0442\u0430\u043a\u0442:<\/h2>\n<p>E-Mail: info@take-my-hand.org<br \/>\n\u0421\u0430\u0439\u0442: <a href=\"https:\/\/www.take-my-hand.org\/ru\/\">https:\/\/www.take-my-hand.org<\/a><\/p>\n<p>Instagram: <a href=\"https:\/\/www.instagram.com\/take_my_hand_de\">https:\/\/www.instagram.com\/take_my_hand_de<\/a><br \/>\nFacebook: <a href=\"https:\/\/www.facebook.com\/take.my.hand.de\">https:\/\/www.facebook.com\/take.my.hand.de<\/a><br \/>\nLinkedIn: <a href=\"https:\/\/linkedin.com\/company\/take-my-hand-germany\">https:\/\/linkedin.com\/company\/take-my-hand-germany<\/a><\/p>\n<\/div><div class=\"fusion-separator fusion-full-width-sep\" style=\"align-self: center;margin-left: auto;margin-right: auto;margin-bottom:30px;width:100%;\"><\/div><div class=\"fusion-text fusion-text-4\"><p><strong>\u041a\u043e\u043d\u0442\u0440\u043e\u043b\u044c IT-\u0431\u0435\u0437\u043e\u043f\u0430\u0441\u043d\u043e\u0441\u0442\u0438<\/strong><br \/>\ngepr\u00fcft durch IT-Sachverst\u00e4ndigenb\u00fcro Bernhard Furtmayr<\/p>\n<\/div><div class=\"fusion-image-element \" style=\"--awb-caption-title-font-family:var(--h2_typography-font-family);--awb-caption-title-font-weight:var(--h2_typography-font-weight);--awb-caption-title-font-style:var(--h2_typography-font-style);--awb-caption-title-size:var(--h2_typography-font-size);--awb-caption-title-transform:var(--h2_typography-text-transform);--awb-caption-title-line-height:var(--h2_typography-line-height);--awb-caption-title-letter-spacing:var(--h2_typography-letter-spacing);\"><span class=\" fusion-imageframe imageframe-none imageframe-1 hover-type-none\"><img decoding=\"async\" width=\"400\" height=\"218\" title=\"TakeMyHand &#8212; IT- und Informationssicherheit\" src=\"https:\/\/take-my-hand.org\/wp-content\/uploads\/2024\/10\/TakeMyHand-IT-und-Informationssicherheit-400x218.webp\" alt class=\"img-responsive wp-image-1263\" srcset=\"https:\/\/www.take-my-hand.org\/wp-content\/uploads\/2024\/10\/TakeMyHand-IT-und-Informationssicherheit-200x109.webp 200w, https:\/\/www.take-my-hand.org\/wp-content\/uploads\/2024\/10\/TakeMyHand-IT-und-Informationssicherheit-400x218.webp 400w, https:\/\/www.take-my-hand.org\/wp-content\/uploads\/2024\/10\/TakeMyHand-IT-und-Informationssicherheit-600x328.webp 600w, https:\/\/www.take-my-hand.org\/wp-content\/uploads\/2024\/10\/TakeMyHand-IT-und-Informationssicherheit-800x437.webp 800w, https:\/\/www.take-my-hand.org\/wp-content\/uploads\/2024\/10\/TakeMyHand-IT-und-Informationssicherheit.webp 1000w\" sizes=\"(max-width: 800px) 100vw, 400px\" \/><\/span><\/div><div class=\"fusion-separator fusion-full-width-sep\" style=\"align-self: center;margin-left: auto;margin-right: auto;margin-bottom:30px;width:100%;\"><\/div><div class=\"fusion-text fusion-text-5\"><p><strong>\u041e\u0442\u0432\u0435\u0442\u0441\u0442\u0432\u0435\u043d\u043d\u043e\u0441\u0442\u044c \u0437\u0430 \u0441\u0441\u044b\u043b\u043a\u0438<\/strong><br \/>\n\u041d\u0435\u0441\u043c\u043e\u0442\u0440\u044f \u043d\u0430 \u0442\u0449\u0430\u0442\u0435\u043b\u044c\u043d\u044b\u0439 \u043a\u043e\u043d\u0442\u0440\u043e\u043b\u044c \u0441\u043e\u0434\u0435\u0440\u0436\u0430\u043d\u0438\u044f \u043f\u0435\u0440\u0435\u0434 \u0440\u0430\u0437\u043c\u0435\u0449\u0435\u043d\u0438\u0435\u043c \u0432\u043d\u0435\u0448\u043d\u0438\u0445 \u0441\u0441\u044b\u043b\u043e\u043a \u043c\u044b \u043d\u0435 \u043d\u0435\u0441\u0435\u043c \u043e\u0442\u0432\u0435\u0442\u0441\u0442\u0432\u0435\u043d\u043d\u043e\u0441\u0442\u0438 \u0437\u0430 \u0441\u043e\u0434\u0435\u0440\u0436\u0430\u043d\u0438\u0435 \u043f\u0440\u0435\u0434\u0441\u0442\u0430\u0432\u043b\u0435\u043d\u043d\u044b\u0445 \u0442\u0430\u043c \u043c\u0430\u0442\u0435\u0440\u0438\u0430\u043b\u043e\u0432.<br \/>\n\u0417\u0430 \u0441\u043e\u0434\u0435\u0440\u0436\u0430\u043d\u0438\u0435 \u0441\u0430\u0439\u0442\u043e\u0432, \u043f\u0435\u0440\u0435\u0445\u043e\u0434 \u043d\u0430 \u043a\u043e\u0442\u043e\u0440\u044b\u0435 \u043e\u0441\u0443\u0449\u0435\u0441\u0442\u0432\u043b\u044f\u0435\u0442\u0441\u044f \u043f\u043e \u0441\u0441\u044b\u043b\u043a\u0430\u043c, \u043d\u0435\u0441\u0435\u0442 \u043e\u0442\u0432\u0435\u0442\u0441\u0442\u0432\u0435\u043d\u043d\u043e\u0441\u0442\u044c \u0438\u0445 \u0432\u043b\u0430\u0434\u0435\u043b\u0435\u0446.<\/p>\n<\/div><\/div><\/div><\/div><\/div>\n","protected":false},"excerpt":{"rendered":"","protected":false},"author":2,"featured_media":0,"parent":0,"menu_order":0,"comment_status":"closed","ping_status":"closed","template":"100-width.php","meta":{"footnotes":""},"class_list":["post-2552","page","type-page","status-publish","hentry"],"_links":{"self":[{"href":"https:\/\/www.take-my-hand.org\/ru\/wp-json\/wp\/v2\/pages\/2552","targetHints":{"allow":["GET"]}}],"collection":[{"href":"https:\/\/www.take-my-hand.org\/ru\/wp-json\/wp\/v2\/pages"}],"about":[{"href":"https:\/\/www.take-my-hand.org\/ru\/wp-json\/wp\/v2\/types\/page"}],"author":[{"embeddable":true,"href":"https:\/\/www.take-my-hand.org\/ru\/wp-json\/wp\/v2\/users\/2"}],"replies":[{"embeddable":true,"href":"https:\/\/www.take-my-hand.org\/ru\/wp-json\/wp\/v2\/comments?post=2552"}],"version-history":[{"count":2,"href":"https:\/\/www.take-my-hand.org\/ru\/wp-json\/wp\/v2\/pages\/2552\/revisions"}],"predecessor-version":[{"id":2554,"href":"https:\/\/www.take-my-hand.org\/ru\/wp-json\/wp\/v2\/pages\/2552\/revisions\/2554"}],"wp:attachment":[{"href":"https:\/\/www.take-my-hand.org\/ru\/wp-json\/wp\/v2\/media?parent=2552"}],"curies":[{"name":"wp","href":"https:\/\/api.w.org\/{rel}","templated":true}]}}